{"id":3045,"date":"2021-12-20T18:55:08","date_gmt":"2021-12-20T17:55:08","guid":{"rendered":"https:\/\/impronta-altoadige.it\/?page_id=3045"},"modified":"2021-12-20T18:55:09","modified_gmt":"2021-12-20T17:55:09","slug":"privacy-policy","status":"publish","type":"page","link":"https:\/\/impronta-altoadige.it\/?page_id=3045","title":{"rendered":"Privacy Policy"},"content":{"rendered":"\n<p><strong>Il sito web <\/strong><a href=\"http:\/\/www.impronta-altoadige.it\">www.impronta-altoadige.it<\/a><strong>&nbsp; raccoglie alcuni dati personali dei propri utenti.<\/strong><\/p>\n\n\n\n<p>Ai sensi dell\u2019art. 13 del Regolamento Europeo 2016\/679 (GDPR) nonch\u00e9 ai sensi del Provvedimento in materia di cookie n. 229 dell\u20198 maggio 2014, si desidera informare i visitatori del sito circa l\u2019utilizzo dei dati inseriti e dei cookie utilizzati dal sito stesso. L\u2019informativa \u00e8 resa anche ai sensi della Raccomandazione n. 2\/2001 adottata dal Gruppo di lavoro istituito dall\u2019art. 29 della direttiva n. 95\/46\/CE. La presente ha ad oggetto il sito&nbsp;w<strong> <\/strong><a href=\"http:\/\/www.impronta-altoadige.it\">www.impronta-altoadige.it<\/a><strong>&nbsp; <\/strong>dell\u2019Associazione Volontarius Onlus.&nbsp;Quanto segue si applica unicamente al sito&nbsp;<a href=\"http:\/\/www.impronta-altoadige.it\">www.impronta-altoadige.it<\/a><strong> <\/strong>; il Titolari del trattamento non sono responsabili dei dati inseriti e dei cookie installati da parte di altri siti eventualmente consultati tramite link.&nbsp;<\/p>\n\n\n\n<p><strong>Chi \u00e8 il titolare del trattamento?<\/strong><strong><\/strong><\/p>\n\n\n\n<p>In virt\u00f9 della consultazione del sito web possono essere trattati dati personali o comunque associabili all\u2019utente anche tramite l\u2019utilizzo di cookie. Il titolare del trattamento \u00e8 l\u2019Associazione Volontarius Onlus con sede legale in via G. di Vittorio 33, 39100, Bolzano.<\/p>\n\n\n\n<p>\u00c8 possibile contattare il Titolare del trattamento utilizzando i seguenti recapiti:<br>Tel: 0471 402 338<br>E- mail:&nbsp;<a href=\"mailto:comunicazione@volontarius.it\">comunicazione@volontarius.it<\/a><\/p>\n\n\n\n<p><strong>Chi \u00e8 il responsabile della protezione dei dati?<\/strong><strong><\/strong><\/p>\n\n\n\n<p>L\u2019Associazione Volontarius ha proceduto alla designazione di un responsabile della protezione dei dati, contattabile ai seguenti recapiti:<br>Tel: 335 7787197<br>E-mail: marcopassone@hotmail.it<\/p>\n\n\n\n<p><strong>Come puoi contattarci per eventuali domande?<\/strong><strong><\/strong><\/p>\n\n\n\n<p>Se hai domande su questa normativa, contattaci con le modalit\u00e0 descritte qui sotto.&nbsp;<\/p>\n\n\n\n<p>Referente Ufficio Comunicazione dell\u2019Associazione Volontarius: Veronica Tonidandel<br>Tel: 335 143 8708<br>E-mail:&nbsp;&nbsp;<a href=\"mailto:comunicazione@volontarius.it\">comunicazione@volontarius.it<\/a><\/p>\n\n\n\n<p><strong><br>FINALIT\u00c0 E MODALIT\u00c0 DI TRATTAMENTO<\/strong><\/p>\n\n\n\n<p><strong>Quali sono le finalit\u00e0 del trattamento e perch\u00e9 \u00e8 obbligatorio il conferimento?&nbsp;<\/strong><strong><\/strong><\/p>\n\n\n\n<p>L\u2019Associazione Volontarius Onlus tratta i dati che l\u2019utente inserisce spontaneamente attraverso i form presenti nel sito (Contatto spontaneo, Scrivi un messaggio, Organizza il tuo workshop, Sostienici, etc.) unicamente per rispondere alla Sua richiesta. Eventuali ulteriori finalit\u00e0 (a titolo esemplificativo e non esaustivo finalit\u00e0 di marketing o comunicazione dei Suoi dati a societ\u00e0 con cui abbiamo una partnership per finalit\u00e0 di marketing loro proprie) saranno oggetto di esplicita e motivata richiesta e di un Suo consenso specifico, facoltativo e separato rispetto a quello richiesto per rispondere alle Sue domande.&nbsp;<\/p>\n\n\n\n<p>Il conferimento dei dati e il consenso al trattamento sono necessari per dare seguito alle Sue richieste; il consenso al trattamento per le ulteriori finalit\u00e0 \u00e8 facoltativo.&nbsp;<\/p>\n\n\n\n<p>Per i dati acquisiti dal nostro sito mediante l\u2019installazione dei cookie si rimanda invece alla specifica sezione (\u201cI cookie del nostro sito\u201d).&nbsp;<\/p>\n\n\n\n<p>I dati personali raccolti sono utilizzati per l\u2019erogazione di servizi e\/o informazioni all\u2019utente. L\u2019utente si assume la responsabilit\u00e0 dei dati personali di terzi ottenuti, pubblicati o condivisi mediante questo sito web e garantisce di avere il diritto di comunicarli o diffonderli, liberando il titolare da qualsiasi responsabilit\u00e0 verso terzi.<\/p>\n\n\n\n<p><strong>Come e perch\u00e9 vengono acquisiti i dati di navigazione?<\/strong><strong><\/strong><\/p>\n\n\n\n<p>I sistemi informatici e le procedure software preposte al funzionamento di questo sito web acquisiscono, nel corso del loro normale esercizio, alcuni dati personali la cui trasmissione \u00e8 implicita nell\u2019uso dei protocolli di comunicazione di Internet.<br>Si tratta di informazioni che non sono raccolte per essere associate a interessati identificati, ma che per loro stessa natura potrebbero, attraverso elaborazioni ed associazioni con dati detenuti da terzi, permettere di identificare gli utenti.<br>In questa categoria di dati rientrano gli indirizzi IP o i nomi a dominio dei computer utilizzati dagli utenti che si connettono al sito, gli indirizzi in notazione URI (Uniform Resource Identifier) delle risorse richieste, l\u2019orario della richiesta, il metodo utilizzato nel sottoporre la richiesta al server, la dimensione del file ottenuto in risposta, il codice numerico indicante lo stato della risposta data dal server (buon fine, errore, ecc.) ed altri parametri relativi al sistema operativo e all\u2019ambiente informatico dell\u2019utente.<br>Questi dati vengono utilizzati al solo fine di ricavare informazioni statistiche anonime sull\u2019uso del sito e per controllarne il corretto funzionamento e vengono cancellati immediatamente dopo l\u2019elaborazione. I dati potrebbero essere utilizzati per l\u2019accertamento di responsabilit\u00e0 in caso di ipotetici reati informatici ai danni del sito.<\/p>\n\n\n\n<p><strong>Perch\u00e9 vengono acquisiti dati tramite moduli di contatto e sezioni dedicate?&nbsp;<\/strong><strong><\/strong><\/p>\n\n\n\n<p>Tali informazioni si riferiscono ai dati forniti volontariamente dall\u2019utente.<\/p>\n\n\n\n<p><strong>Come vengono utilizzati i contatti raccolti?&nbsp;<\/strong><strong><\/strong><\/p>\n\n\n\n<p>La informiamo che i dati forniti saranno utilizzati esclusivamente per dar seguito alla propria richiesta. I dati acquisiti saranno conservati esclusivamente per il tempo necessario a fornirle riscontro. Il presente trattamento avviene sulla base del suo consenso prestato. L\u2019eventuale diniego al trattamento comporter\u00e0 l\u2019impossibilit\u00e0 di far fronte alla sua richiesta. Eventuali finalit\u00e0 ulteriori relative ad attivit\u00e0 di marketing (invio di materiale pubblicitario e\/o promozionale) saranno oggetto di specifico e separato consenso.<\/p>\n\n\n\n<p>I trattamenti sopraindicati avvengono in modalit\u00e0 prettamente informatiche ma non si escludono trattamenti in modalit\u00e0 cartacea. I Suoi dati potranno essere comunicati a soggetti considerati destinatari ai sensi dell\u2019art. 4 o responsabili del trattamento ai sensi dell\u2019art.28 del Regolamento (UE) preposti a funzioni atte a dare riscontro alla sua richiesta a noi pervenuta.<\/p>\n\n\n\n<p>Per quanto riguarda i dati acquisiti tramite cookie si rimanda alla sezione dedicata:&nbsp;<a href=\"https:\/\/www.iubenda.com\/privacy-policy\/91175829\/cookie-policy\">Cookie policy<\/a><\/p>\n\n\n\n<p><strong>I dati raccolti potranno essere trasferiti ad un Paese terzo o a organizzazioni internazionali?<\/strong><strong><\/strong><\/p>\n\n\n\n<p>I Suoi dati potranno essere oggetto di trasferimento verso Paesi terzi extra UE od organizzazioni internazionali e potranno essere salvati su server ubicati in un paese terzo. Si sottolinea che l\u2019Associazione Volontarius Onlus utilizza&nbsp;Mailchimp\u00ae Marketing Platform con sede internazionale.<\/p>\n\n\n\n<p><strong>Ti stai chiedendo se utilizziamo processi decisionali automatizzati?<\/strong><strong><\/strong><\/p>\n\n\n\n<p>II titolare non utilizza in alcun modo processi decisionali automatizzati che riguardano i Suoi dati personali.<\/p>\n\n\n\n<p><strong>Quali sono i diritti dell\u2019interessato?<\/strong><strong>&nbsp;<\/strong><\/p>\n\n\n\n<p><strong><br><\/strong>In qualsiasi momento Lei ha diritto di richiedere al Titolare l\u2019accesso ai Suoi dati, nonch\u00e9 la rettifica o la cancellazione degli stessi. Le verr\u00e0 fornito riscontro entro 30 giorni in forma scritta (salvo Sua specifica richiesta di riscontro orale), anche con mezzi elettronici. Ha inoltre diritto a richiedere la limitazione del trattamento ovvero di opporsi allo stesso. Potr\u00e0 infine richiedere la portabilit\u00e0 dei Suoi dati verso un altro titolare. In qualsiasi momento potr\u00e0 inoltre revocare i consensi prestati in questo sito web. Per revocare uno o pi\u00f9 dei consensi eventualmente prestati sar\u00e0 sufficiente contattare uno dei recapiti sopraindicati.<br>Laddove Lei ritenga che i Suoi dati siano stati trattati in modo illegittimo, ha il diritto di rivolgersi all\u2019Autorit\u00e0 di Controllo per proporre reclamo.<\/p>\n\n\n\n<p><strong><br>COME GESTIAMO I COOKIE?<\/strong><\/p>\n\n\n\n<p><strong>Che cosa sono i cookie?<\/strong><strong><br><\/strong>I cookie sono stringhe di testo di piccole dimensioni che i siti visitati dall\u2019utente inviano al suo terminale, dove vengono memorizzati per essere poi ritrasmessi agli stessi siti alla successiva visita del medesimo utente. Nel corso della navigazione l\u2019utente pu\u00f2 ricevere sul suo terminale anche cookie che vengono inviati da pagine web diverse (cfr. Provv. Garante Privacy 8 maggio 2014, n.229). Al fine di giungere a una corretta regolamentazione di tali dispositivi, \u00e8 necessario distinguerli in base alle finalit\u00e0 perseguite da chi li utilizza.<\/p>\n\n\n\n<p><strong>Cosa sono i cookie tecnici?<\/strong><strong><br><\/strong>I cookie tecnici sono quelli utilizzati al solo fine di \u201ceffettuare la trasmissione di una comunicazione su una rete di comunicazione elettronica, o nella misura strettamente necessaria al fornitore di un servizio della societ\u00e0 dell\u2019informazione esplicitamente richiesta dall\u2019abbonato o dall\u2019utente a erogare tale servizio\u201d (cfr. art. 122, comma 1, del Codice e Provv. n. 229\/2014).<br>Possono consistere in cookie di navigazione o di sessione, che garantiscono la normale navigazione e fruizione del sito web (permettendo, ad esempio, di realizzare un acquisto o autenticarsi per accedere ad aree riservate). Per l\u2019installazione di tali cookie non \u00e8 richiesto il preventivo consenso degli utenti.<\/p>\n\n\n\n<p><strong>Cosa sono i cookie di profilazione?<\/strong><strong><br><\/strong>I cookie di profilazione sono volti a creare profili relativi all\u2019utente e vengono utilizzati al fine di inviare messaggi pubblicitari in linea con le preferenze manifestate nell\u2019ambito della navigazione in rete. &nbsp;Vista la loro invasivit\u00e0 all\u2019utente viene richiesto il preventivo consenso alla loro installazione cos\u00ec come previsto dall\u2019art. 122 del Codice.<\/p>\n\n\n\n<p><strong>Cosa sono i cookie analitici?<\/strong><strong><br><\/strong>Servono a monitorare l\u2019utilizzo della pagina web da parte degli utenti fornendo report statistici che possono supportare l\u2019editore del sito nella sua ottimizzazione. Uno degli strumenti maggiormente utilizzati per le analisi web \u00e8 \u201cGoogle Analytics\u201d, un servizio di Google Inc. attraverso il quale \u00e8 possibile raccogliere statistiche di navigazione. L\u2019Autorit\u00e0 Garante ha chiarito che questi cookie sono inquadrabili tra quelli tecnici laddove venga anonimizzato (anche parzialmente) l\u2019indirizzo IP e vengano eliminate le condivisioni di informazioni con Google. In caso contrario queste tipologie di cookie vengono associate a quelli di profilazione.<\/p>\n\n\n\n<p>Ogni tipologia di cookie pu\u00f2 essere di prima parte (cio\u00e8 trattati e gestiti direttamente dal proprietario del sito web) ovvero di terze parti (quando installati e acquisiti da soggetti diversi).<br>Tra i cookie di terze parti rientrano i cd. social plugin cio\u00e8 quei componenti che permettono un\u2019integrazione con i Social Media (quali, ad esempio, Facebook, Twitter, LinkedIn, Pinterest, Tumblr etc) che operano tramite il sito web, laddove questi generino dei cookie.<br>La gestione delle informazioni raccolte da terze parti \u00e8 disciplinata dalle relative informative cui si prega di fare riferimento.<\/p>\n\n\n\n<p><strong>Che cos\u2019\u00e8 l\u2019informativa che compare al primo accesso tramite banner?<\/strong><strong>&nbsp;<br><\/strong>Il banner che si apre al primo accesso alla pagina web permette di visualizzare le informazioni essenziali relative alle modalit\u00e0 di gestione dei cookie oltre a contenere un link di rimando alla privacy policy completa. Come da obbligo normativo, le scelte in merito alla gestione dei cookie vengono memorizzate con un cookie di tipo tecnico che avr\u00e0 una durata di 365 giorni.<br>&nbsp;Il banner prevede di cliccare sul tasto OK per prestare il proprio consenso all\u2019utilizzo dei cookie anche di profilazione.<\/p>\n\n\n\n<p><strong>\u00c8 possibile disabilitare i cookies sul proprio computer?<\/strong><strong><\/strong><\/p>\n\n\n\n<p>S\u00ec, \u00e8 possibile modificare in qualsiasi momento le scelte effettuate al primo accesso seguendo le seguenti procedure.<\/p>\n\n\n\n<p><strong><br>Microsoft Internet Explorer<br>&nbsp;&nbsp;<\/strong><a href=\"http:\/\/windows.microsoft.com\/en-us\/windows-vista\/block-or-allow-cookies\"><strong>http:\/\/windows.microsoft.com\/en-us\/windows-vista\/block-or-allow-cookies<\/strong><\/a><strong>&nbsp;<br>Google Chrome<br>&nbsp;&nbsp;<\/strong><a href=\"https:\/\/support.google.com\/chrome\/bin\/answer.py?hl=en&amp;answer=95647&amp;p=cpn_cookies\"><strong>https:\/\/support.google.com\/chrome\/bin\/answer.py?hl=en&amp;answer=95647&amp;p=cpn_cookies<\/strong><\/a><strong>&nbsp;<br>Mozilla Firefox<br>&nbsp;&nbsp;<\/strong><a href=\"http:\/\/support.mozilla.org\/en-US\/kb\/Enabling%20and%20disabling%20cookies\"><strong>http:\/\/support.mozilla.org\/en-US\/kb\/Enabling%20and%20disabling%20cookies<\/strong><\/a><strong>&nbsp;<br>Apple Safari<br>&nbsp;&nbsp;<\/strong><a href=\"http:\/\/docs.info.apple.com\/article.html?path=Safari\/5.0\/en\/9277.html\"><strong>http:\/\/docs.info.apple.com\/article.html?path=Safari\/5.0\/en\/9277.html<\/strong><\/a><strong><\/strong><\/p>\n\n\n\n<p><strong><br>LINK A SITI COLLEGATI E\/O CON FUNZIONALIT\u00c0 CONNESSE<br><br><\/strong>Poich\u00e9 il sito utilizza cookies di terze parti, conformemente a quanto richiesto dall\u2019Autorit\u00e0 Garante per la Protezione dei dati personali, di seguito \u00e8 riportato il link alla relativa Privacy Policy.<\/p>\n\n\n\n<p><strong>&nbsp;Google:&nbsp;&nbsp;<\/strong><a href=\"https:\/\/www.google.it\/intl\/it\/policies\/privacy\"><strong>https:\/\/www.google.it\/intl\/it\/policies\/privacy<\/strong><\/a><strong><\/strong><\/p>\n\n\n\n<p><strong>&nbsp;YouTube:&nbsp;&nbsp;<\/strong><a href=\"https:\/\/www.youtube.com\/about\/policies\/#community-guidelines\"><strong>https:\/\/www.youtube.com\/about\/policies\/#community-guidelines<\/strong><\/a><strong>&nbsp;<\/strong><\/p>\n\n\n\n<p><strong>&nbsp;Facebook:&nbsp;&nbsp;<\/strong><a href=\"https:\/\/www.facebook.com\/policy.php\"><strong>https:\/\/www.facebook.com\/policy.php<\/strong><\/a><strong><\/strong><\/p>\n\n\n\n<p><strong>&nbsp;Instagram:&nbsp;&nbsp;<\/strong><a href=\"https:\/\/help.instagram.com\/402411646841720\"><strong>https:\/\/help.instagram.com\/402411646841720<\/strong><\/a><strong>&nbsp;<\/strong><\/p>\n\n\n\n<p><strong>&nbsp;Mailchimp:&nbsp;&nbsp;<\/strong><a href=\"https:\/\/mailchimp.com\/legal\/privacy\/\"><strong>https:\/\/mailchimp.com\/legal\/privacy\/<\/strong><\/a><strong><\/strong><\/p>\n","protected":false},"excerpt":{"rendered":"<p>Il sito web www.impronta-altoadige.it&nbsp; raccoglie alcuni dati personali dei propri utenti. Ai sensi dell\u2019art. 13 del Regolamento Europeo 2016\/679 (GDPR) nonch\u00e9 ai sensi del Provvedimento in materia di cookie n. 229 dell\u20198 maggio 2014, si desidera informare i visitatori del sito circa l\u2019utilizzo dei dati inseriti e dei cookie utilizzati dal sito stesso. L\u2019informativa \u00e8 [&hellip;]<\/p>\n","protected":false},"author":6,"featured_media":0,"parent":0,"menu_order":0,"comment_status":"closed","ping_status":"closed","template":"","meta":{"_acf_changed":false,"footnotes":""},"class_list":["post-3045","page","type-page","status-publish","hentry"],"acf":[],"_links":{"self":[{"href":"https:\/\/impronta-altoadige.it\/index.php?rest_route=\/wp\/v2\/pages\/3045","targetHints":{"allow":["GET"]}}],"collection":[{"href":"https:\/\/impronta-altoadige.it\/index.php?rest_route=\/wp\/v2\/pages"}],"about":[{"href":"https:\/\/impronta-altoadige.it\/index.php?rest_route=\/wp\/v2\/types\/page"}],"author":[{"embeddable":true,"href":"https:\/\/impronta-altoadige.it\/index.php?rest_route=\/wp\/v2\/users\/6"}],"replies":[{"embeddable":true,"href":"https:\/\/impronta-altoadige.it\/index.php?rest_route=%2Fwp%2Fv2%2Fcomments&post=3045"}],"version-history":[{"count":1,"href":"https:\/\/impronta-altoadige.it\/index.php?rest_route=\/wp\/v2\/pages\/3045\/revisions"}],"predecessor-version":[{"id":3046,"href":"https:\/\/impronta-altoadige.it\/index.php?rest_route=\/wp\/v2\/pages\/3045\/revisions\/3046"}],"wp:attachment":[{"href":"https:\/\/impronta-altoadige.it\/index.php?rest_route=%2Fwp%2Fv2%2Fmedia&parent=3045"}],"curies":[{"name":"wp","href":"https:\/\/api.w.org\/{rel}","templated":true}]}}